{"id":12827,"date":"2023-02-20T08:08:13","date_gmt":"2023-02-20T08:08:13","guid":{"rendered":"https:\/\/casailcampo.mgpg.it\/reviews\/"},"modified":"2023-05-25T14:00:28","modified_gmt":"2023-05-25T14:00:28","slug":"reviews","status":"publish","type":"page","link":"https:\/\/casailcampo.mgpg.it\/en\/reviews\/","title":{"rendered":"Reviews"},"content":{"rendered":"\t\t<div data-elementor-type=\"wp-page\" data-elementor-id=\"12827\" class=\"elementor elementor-12827 elementor-12308\">\n\t\t\t\t\t\t\t\t\t<section class=\"elementor-section elementor-top-section elementor-element elementor-element-b02d1fc elementor-section-height-min-height elementor-section-stretched elementor-section-boxed elementor-section-height-default elementor-section-items-middle\" data-id=\"b02d1fc\" data-element_type=\"section\" data-settings=\"{&quot;stretch_section&quot;:&quot;section-stretched&quot;,&quot;background_background&quot;:&quot;classic&quot;,&quot;shape_divider_bottom&quot;:&quot;curve-asymmetrical&quot;,&quot;shape_divider_bottom_negative&quot;:&quot;yes&quot;,&quot;ashton_ext_is_background_on_scroll&quot;:&quot;false&quot;}\">\n\t\t\t\t\t\t\t<div class=\"elementor-background-overlay\"><\/div>\n\t\t\t\t\t\t<div class=\"elementor-shape elementor-shape-bottom\" data-negative=\"true\">\n\t\t\t<svg xmlns=\"http:\/\/www.w3.org\/2000\/svg\" viewBox=\"0 0 1000 100\" preserveAspectRatio=\"none\">\n\t<path class=\"elementor-shape-fill\" d=\"M615.2,96.7C240.2,97.8,0,18.9,0,0v100h1000V0C1000,19.2,989.8,96,615.2,96.7z\"\/>\n<\/svg>\t\t<\/div>\n\t\t\t\t\t<div class=\"elementor-container elementor-column-gap-default\">\n\t\t\t\t\t<div class=\"elementor-column elementor-col-100 elementor-top-column elementor-element elementor-element-fc2dfc9\" data-id=\"fc2dfc9\" data-element_type=\"column\" data-settings=\"{&quot;ashton_ext_link_sidemenu&quot;:&quot;false&quot;,&quot;ashton_ext_link_fullmenu&quot;:&quot;false&quot;,&quot;ashton_ext_is_sticky&quot;:&quot;false&quot;,&quot;ashton_ext_is_scrollme&quot;:&quot;false&quot;,&quot;ashton_ext_is_parallax_mouse&quot;:&quot;false&quot;,&quot;ashton_ext_is_infinite&quot;:&quot;false&quot;,&quot;ashton_ext_is_fadeout_animation&quot;:&quot;false&quot;}\">\n\t\t\t<div class=\"elementor-widget-wrap elementor-element-populated\">\n\t\t\t\t\t\t\t\t<div class=\"elementor-element elementor-element-2610f0d elementor-widget elementor-widget-ashton-animated-text\" data-id=\"2610f0d\" data-element_type=\"widget\" data-settings=\"{&quot;ashton_ext_link_sidemenu&quot;:&quot;false&quot;,&quot;ashton_ext_link_fullmenu&quot;:&quot;false&quot;,&quot;ashton_ext_is_sticky&quot;:&quot;false&quot;,&quot;ashton_ext_is_scrollme&quot;:&quot;false&quot;,&quot;ashton_ext_is_parallax_mouse&quot;:&quot;false&quot;,&quot;ashton_ext_is_infinite&quot;:&quot;false&quot;,&quot;ashton_ext_is_fadeout_animation&quot;:&quot;false&quot;}\" data-widget_type=\"ashton-animated-text.default\">\n\t\t\t\t<div class=\"elementor-widget-container\">\n\t\t\t<div class=\"themegoods-animated-text text-alignment-center transition-bottom overflow-hidden\" data-delimiter=\"sentence\" data-transition=\"100\" data-transition-delay=\"200\" data-transition-duration=\"500\">\n\t\t<h2>\n\t\tReviews\t<\/h2>\n\t<\/div>\t\t<\/div>\n\t\t\t\t<\/div>\n\t\t\t\t\t<\/div>\n\t\t<\/div>\n\t\t\t\t\t\t\t<\/div>\n\t\t<\/section>\n\t\t\t\t<section class=\"elementor-section elementor-top-section elementor-element elementor-element-2fc2fbc elementor-section-full_width elementor-section-stretched elementor-section-height-default elementor-section-height-default\" data-id=\"2fc2fbc\" data-element_type=\"section\" data-settings=\"{&quot;stretch_section&quot;:&quot;section-stretched&quot;,&quot;background_background&quot;:&quot;classic&quot;,&quot;ashton_ext_is_background_parallax&quot;:&quot;false&quot;,&quot;ashton_ext_is_background_on_scroll&quot;:&quot;false&quot;}\">\n\t\t\t\t\t\t<div class=\"elementor-container elementor-column-gap-default\">\n\t\t\t\t\t<div class=\"elementor-column elementor-col-100 elementor-top-column elementor-element elementor-element-a037188\" data-id=\"a037188\" data-element_type=\"column\" data-settings=\"{&quot;ashton_ext_link_sidemenu&quot;:&quot;false&quot;,&quot;ashton_ext_link_fullmenu&quot;:&quot;false&quot;,&quot;ashton_ext_is_sticky&quot;:&quot;false&quot;,&quot;ashton_ext_is_scrollme&quot;:&quot;false&quot;,&quot;ashton_ext_is_smoove&quot;:&quot;false&quot;,&quot;ashton_ext_is_parallax_mouse&quot;:&quot;false&quot;,&quot;ashton_ext_is_infinite&quot;:&quot;false&quot;,&quot;ashton_ext_is_fadeout_animation&quot;:&quot;false&quot;}\">\n\t\t\t<div class=\"elementor-widget-wrap elementor-element-populated\">\n\t\t\t\t\t\t\t\t<div class=\"elementor-element elementor-element-1accff2 elementor-widget elementor-widget-heading\" data-id=\"1accff2\" data-element_type=\"widget\" data-settings=\"{&quot;ashton_ext_is_smoove&quot;:&quot;true&quot;,&quot;ashton_ext_smoove_disable&quot;:&quot;769&quot;,&quot;ashton_ext_smoove_duration&quot;:1000,&quot;ashton_ext_smoove_translatey&quot;:{&quot;unit&quot;:&quot;px&quot;,&quot;size&quot;:25,&quot;sizes&quot;:[]},&quot;ashton_ext_smoove_rotatez&quot;:{&quot;unit&quot;:&quot;px&quot;,&quot;size&quot;:2,&quot;sizes&quot;:[]},&quot;ashton_ext_smoove_translatex&quot;:{&quot;unit&quot;:&quot;px&quot;,&quot;size&quot;:40,&quot;sizes&quot;:[]},&quot;ashton_ext_link_sidemenu&quot;:&quot;false&quot;,&quot;ashton_ext_link_fullmenu&quot;:&quot;false&quot;,&quot;ashton_ext_is_sticky&quot;:&quot;false&quot;,&quot;ashton_ext_is_scrollme&quot;:&quot;false&quot;,&quot;ashton_ext_smoove_scalex&quot;:{&quot;unit&quot;:&quot;px&quot;,&quot;size&quot;:1,&quot;sizes&quot;:[]},&quot;ashton_ext_smoove_scaley&quot;:{&quot;unit&quot;:&quot;px&quot;,&quot;size&quot;:1,&quot;sizes&quot;:[]},&quot;ashton_ext_smoove_rotatex&quot;:{&quot;unit&quot;:&quot;px&quot;,&quot;size&quot;:0,&quot;sizes&quot;:[]},&quot;ashton_ext_smoove_rotatey&quot;:{&quot;unit&quot;:&quot;px&quot;,&quot;size&quot;:0,&quot;sizes&quot;:[]},&quot;ashton_ext_smoove_translatez&quot;:{&quot;unit&quot;:&quot;px&quot;,&quot;size&quot;:0,&quot;sizes&quot;:[]},&quot;ashton_ext_smoove_skewx&quot;:{&quot;unit&quot;:&quot;px&quot;,&quot;size&quot;:0,&quot;sizes&quot;:[]},&quot;ashton_ext_smoove_skewy&quot;:{&quot;unit&quot;:&quot;px&quot;,&quot;size&quot;:0,&quot;sizes&quot;:[]},&quot;ashton_ext_smoove_transform_originx&quot;:{&quot;unit&quot;:&quot;px&quot;,&quot;size&quot;:50,&quot;sizes&quot;:[]},&quot;ashton_ext_smoove_transform_originy&quot;:{&quot;unit&quot;:&quot;px&quot;,&quot;size&quot;:50,&quot;sizes&quot;:[]},&quot;ashton_ext_smoove_perspective&quot;:{&quot;unit&quot;:&quot;px&quot;,&quot;size&quot;:1000,&quot;sizes&quot;:[]},&quot;ashton_ext_is_parallax_mouse&quot;:&quot;false&quot;,&quot;ashton_ext_is_infinite&quot;:&quot;false&quot;}\" data-widget_type=\"heading.default\">\n\t\t\t\t<div class=\"elementor-widget-container\">\n\t\t\t<style>\/*! elementor - v3.17.0 - 08-11-2023 *\/\n.elementor-heading-title{padding:0;margin:0;line-height:1}.elementor-widget-heading .elementor-heading-title[class*=elementor-size-]>a{color:inherit;font-size:inherit;line-height:inherit}.elementor-widget-heading .elementor-heading-title.elementor-size-small{font-size:15px}.elementor-widget-heading .elementor-heading-title.elementor-size-medium{font-size:19px}.elementor-widget-heading .elementor-heading-title.elementor-size-large{font-size:29px}.elementor-widget-heading .elementor-heading-title.elementor-size-xl{font-size:39px}.elementor-widget-heading .elementor-heading-title.elementor-size-xxl{font-size:59px}<\/style><h2 class=\"elementor-heading-title elementor-size-default\">What people think about us.<\/h2>\t\t<\/div>\n\t\t\t\t<\/div>\n\t\t\t\t<div class=\"elementor-element elementor-element-2474033 elementor-widget elementor-widget-text-editor\" data-id=\"2474033\" data-element_type=\"widget\" data-settings=\"{&quot;ashton_ext_link_sidemenu&quot;:&quot;false&quot;,&quot;ashton_ext_link_fullmenu&quot;:&quot;false&quot;,&quot;ashton_ext_is_sticky&quot;:&quot;false&quot;,&quot;ashton_ext_is_scrollme&quot;:&quot;false&quot;,&quot;ashton_ext_is_smoove&quot;:&quot;false&quot;,&quot;ashton_ext_is_parallax_mouse&quot;:&quot;false&quot;,&quot;ashton_ext_is_infinite&quot;:&quot;false&quot;,&quot;ashton_ext_is_fadeout_animation&quot;:&quot;false&quot;}\" data-widget_type=\"text-editor.default\">\n\t\t\t\t<div class=\"elementor-widget-container\">\n\t\t\t<style>\/*! elementor - v3.17.0 - 08-11-2023 *\/\n.elementor-widget-text-editor.elementor-drop-cap-view-stacked .elementor-drop-cap{background-color:#69727d;color:#fff}.elementor-widget-text-editor.elementor-drop-cap-view-framed .elementor-drop-cap{color:#69727d;border:3px solid;background-color:transparent}.elementor-widget-text-editor:not(.elementor-drop-cap-view-default) .elementor-drop-cap{margin-top:8px}.elementor-widget-text-editor:not(.elementor-drop-cap-view-default) .elementor-drop-cap-letter{width:1em;height:1em}.elementor-widget-text-editor .elementor-drop-cap{float:left;text-align:center;line-height:1;font-size:50px}.elementor-widget-text-editor .elementor-drop-cap-letter{display:inline-block}<\/style>\t\t\t\t<p><div class=\"ti-widget ti-trip\" data-layout-id=\"5\" data-set-id=\"drop-shadow\" data-pid=\"\" data-pager-autoplay-timeout=\"6\" data-review-target-width=\"275\" data-language=\"it\" > <div class=\"ti-widget-container ti-col-4\"> <div class=\"ti-footer source-Tripadvisor\"> <div class=\"ti-rating-text\"> <strong class=\"ti-rating\"> Eccellente <\/strong> <\/div> <span class=\"ti-stars star-lg\"> <span class=\"ti-star f\"><\/span><span class=\"ti-star f\"><\/span><span class=\"ti-star f\"><\/span><span class=\"ti-star f\"><\/span><span class=\"ti-star h\"><\/span> <\/span> <div class=\"ti-rating-text\"> <span class=\"nowrap\">In base a <strong>152 recensioni<\/strong><\/span> <\/div> <div class=\"ti-large-logo\"> <div class=\"ti-v-center\"> <img loading=\"lazy\" decoding=\"async\" class=\"ti-logo-fb\" src=\"https:\/\/cdn.trustindex.io\/assets\/platform\/Tripadvisor\/logo.svg\" width=\"150\" height=\"25\" alt=\"Tripadvisor\" \/> <\/div> <\/div> <\/div> <div class=\"ti-reviews-container\"> <div class=\"ti-controls\"> <div class=\"ti-next\"><\/div> <div class=\"ti-prev\"><\/div> <\/div> <div class=\"ti-reviews-container-wrapper\">  <div data-empty=\"0\" class=\"ti-review-item source-Tripadvisor\" > <div class=\"ti-inner\"> <div class=\"ti-review-header\"> <div class=\"ti-profile-img\"> <img decoding=\"async\" src=\"https:\/\/media-cdn.tripadvisor.com\/media\/photo-o\/1a\/f6\/f1\/b8\/default-avatar-2020-22.jpg\" alt=\"ronnie r\" \/> <\/div> <div class=\"ti-profile-details\"> <div class=\"ti-name\"> ronnie r <\/div> <div class=\"ti-date\">2023-02-12<\/div> <\/div> <\/div> <span class=\"ti-stars\"><span class=\"ti-star f\"><\/span><span class=\"ti-star f\"><\/span><span class=\"ti-star f\"><\/span><span class=\"ti-star f\"><\/span><span class=\"ti-star f\"><\/span><\/span> <div class=\"ti-review-content\"><!-- R-CONTENT --><strong>Wonderful stay<\/strong>\nThe apartment is perfect for students, super comfortable and has everything you need, and the location is great &#8211; very close to the campo, but quiet and with a beautiful view. The landlord is super nice, it was a pleasure to live there for five months and I truly recommend it!<!-- R-CONTENT --><\/div> <span class=\"ti-read-more\" data-container=\".ti-review-content\" data-collapse-text=\"Nascondere\" data-open-text=\"Leggi di pi\u00f9\"><\/span> <\/div> <\/div>  <div data-empty=\"0\" class=\"ti-review-item source-Tripadvisor\" > <div class=\"ti-inner\"> <div class=\"ti-review-header\"> <div class=\"ti-profile-img\"> <img decoding=\"async\" src=\"https:\/\/media-cdn.tripadvisor.com\/media\/photo-o\/1a\/f6\/e3\/1f\/default-avatar-2020-46.jpg\" alt=\"Curiosity24870025148\" \/> <\/div> <div class=\"ti-profile-details\"> <div class=\"ti-name\"> Curiosity24870025148 <\/div> <div class=\"ti-date\">2023-01-09<\/div> <\/div> <\/div> <span class=\"ti-stars\"><span class=\"ti-star f\"><\/span><span class=\"ti-star f\"><\/span><span class=\"ti-star f\"><\/span><span class=\"ti-star f\"><\/span><span class=\"ti-star f\"><\/span><\/span> <div class=\"ti-review-content\"><!-- R-CONTENT --><strong>Una vacanza perfetta.<\/strong>\nA fare la differenza non \u00e8 solo l&#8217;appartamento a due passi da Piazza del Campo pulitissimo e confortevole con doppi servizi e completo di tutto ma la gentilezza e la disponibilit\u00e0 dei gestori che svolgono il loro lavoro con passione e amano la loro citt\u00e0 cercando di trasferire questo sentimento ai turisti riuscendoci perfettamente.Concludo consigliando non solo le loro soluzioni abitative ma di abbinarlo anche al parcheggio che offrono appena fuori la zona ZTL che consente di avere l&#8217;auto al sicura ma nel frattempo sempre  a portata di mano per gite nei dintorni con la tranquillit\u00e0 di avere il parcheggio assicurato.<!-- R-CONTENT --><\/div> <span class=\"ti-read-more\" data-container=\".ti-review-content\" data-collapse-text=\"Nascondere\" data-open-text=\"Leggi di pi\u00f9\"><\/span> <\/div> <\/div>  <div data-empty=\"0\" class=\"ti-review-item source-Tripadvisor\" > <div class=\"ti-inner\"> <div class=\"ti-review-header\"> <div class=\"ti-profile-img\"> <img decoding=\"async\" src=\"https:\/\/media-cdn.tripadvisor.com\/media\/photo-s\/05\/df\/19\/5f\/gianluca-s.jpg\" alt=\"Gianluca S\" \/> <\/div> <div class=\"ti-profile-details\"> <div class=\"ti-name\"> Gianluca S <\/div> <div class=\"ti-date\">2022-10-15<\/div> <\/div> <\/div> <span class=\"ti-stars\"><span class=\"ti-star f\"><\/span><span class=\"ti-star f\"><\/span><span class=\"ti-star f\"><\/span><span class=\"ti-star f\"><\/span><span class=\"ti-star f\"><\/span><\/span> <div class=\"ti-review-content\"><!-- R-CONTENT --><strong>Tutto perfetto!<\/strong>\nCasa in pieno centro a Siena. Grande, accogliente, pulita e si ha a disposizione tutto quello che si possa desiderare. A un passo da piazza del Campo e quindi negozi, locali e ristoranti. Inoltre dispone di un comodo garage privato dove poter lasciare l auto. Consigliato!<!-- R-CONTENT --><\/div> <span class=\"ti-read-more\" data-container=\".ti-review-content\" data-collapse-text=\"Nascondere\" data-open-text=\"Leggi di pi\u00f9\"><\/span> <\/div> <\/div>  <div data-empty=\"0\" class=\"ti-review-item source-Tripadvisor\" > <div class=\"ti-inner\"> <div class=\"ti-review-header\"> <div class=\"ti-profile-img\"> <img decoding=\"async\" src=\"https:\/\/media-cdn.tripadvisor.com\/media\/photo-o\/1a\/f6\/e4\/ca\/default-avatar-2020-51.jpg\" alt=\"Franco C\" \/> <\/div> <div class=\"ti-profile-details\"> <div class=\"ti-name\"> Franco C <\/div> <div class=\"ti-date\">2022-06-06<\/div> <\/div> <\/div> <span class=\"ti-stars\"><span class=\"ti-star f\"><\/span><span class=\"ti-star f\"><\/span><span class=\"ti-star f\"><\/span><span class=\"ti-star f\"><\/span><span class=\"ti-star f\"><\/span><\/span> <div class=\"ti-review-content\"><!-- R-CONTENT --><strong>appartamento centralissimo e caratteristico<\/strong>\nL&#8217;appartamento \u00e8 centralissimo, 5 minuti da piazza del Campo e 5 minuti dal parcheggio Il Campo. Attico Benito in stile toscano con soffitti in legno e cotto con bellissima veduta su Siena, pulito, con tutte le dotazioni e tutto funzionante. Siamo stati accolti cordialmente e familiarit\u00e0 e abbiamo trascorso una bellissima vacanza . Prezzo 90 euro a notte<!-- R-CONTENT --><\/div> <span class=\"ti-read-more\" data-container=\".ti-review-content\" data-collapse-text=\"Nascondere\" data-open-text=\"Leggi di pi\u00f9\"><\/span> <\/div> <\/div>  <div data-empty=\"0\" class=\"ti-review-item source-Tripadvisor\" > <div class=\"ti-inner\"> <div class=\"ti-review-header\"> <div class=\"ti-profile-img\"> <img decoding=\"async\" src=\"https:\/\/media-cdn.tripadvisor.com\/media\/photo-o\/1a\/f6\/ed\/ce\/default-avatar-2020-7.jpg\" alt=\"Michal\" \/> <\/div> <div class=\"ti-profile-details\"> <div class=\"ti-name\"> Michal <\/div> <div class=\"ti-date\">2022-02-21<\/div> <\/div> <\/div> <span class=\"ti-stars\"><span class=\"ti-star f\"><\/span><span class=\"ti-star f\"><\/span><span class=\"ti-star f\"><\/span><span class=\"ti-star f\"><\/span><span class=\"ti-star f\"><\/span><\/span> <div class=\"ti-review-content\"><!-- R-CONTENT --><strong>Really recommend this stay!<\/strong>\nwe had a great time in Casa vacanze il campo. The location is really center and great. The host was really nice and helped us in everything we needed. the place is clean and comfotorable to be in, defintley recommend to stay there and defintley will come back!!<!-- R-CONTENT --><\/div> <span class=\"ti-read-more\" data-container=\".ti-review-content\" data-collapse-text=\"Nascondere\" data-open-text=\"Leggi di pi\u00f9\"><\/span> <\/div> <\/div>  <div data-empty=\"0\" class=\"ti-review-item source-Tripadvisor\" > <div class=\"ti-inner\"> <div class=\"ti-review-header\"> <div class=\"ti-profile-img\"> <img decoding=\"async\" src=\"https:\/\/media-cdn.tripadvisor.com\/media\/photo-o\/1a\/f6\/e4\/2d\/default-avatar-2020-48.jpg\" alt=\"Alessandro B\" \/> <\/div> <div class=\"ti-profile-details\"> <div class=\"ti-name\"> Alessandro B <\/div> <div class=\"ti-date\">2022-01-15<\/div> <\/div> <\/div> <span class=\"ti-stars\"><span class=\"ti-star f\"><\/span><span class=\"ti-star f\"><\/span><span class=\"ti-star f\"><\/span><span class=\"ti-star f\"><\/span><span class=\"ti-star f\"><\/span><\/span> <div class=\"ti-review-content\"><!-- R-CONTENT --><strong>Ottima posizione, a pochi minuti a piedi da piazza del campo<\/strong>\nHo soggiornato per due periodi distinti in due appartamenti della struttura per motivi di studio ed entrambe le volte sono stata molto soddisfatta. I gestori sono stati efficienti, gentili, cordiali e molto disponibili a risolvere alcune mie esigenze personali. Gli alloggi erano entrambi molto puliti e funzionali, con una dotazione completa di stoviglie e bianchieria.Lo consiglio caldamente per soggiorni sia turistici sia di tipo lavorativo.<!-- R-CONTENT --><\/div> <span class=\"ti-read-more\" data-container=\".ti-review-content\" data-collapse-text=\"Nascondere\" data-open-text=\"Leggi di pi\u00f9\"><\/span> <\/div> <\/div>  <div data-empty=\"0\" class=\"ti-review-item source-Tripadvisor\" > <div class=\"ti-inner\"> <div class=\"ti-review-header\"> <div class=\"ti-profile-img\"> <img decoding=\"async\" src=\"https:\/\/media-cdn.tripadvisor.com\/media\/photo-o\/1a\/f6\/e7\/fe\/default-avatar-2020-58.jpg\" alt=\"Pasquale D\" \/> <\/div> <div class=\"ti-profile-details\"> <div class=\"ti-name\"> Pasquale D <\/div> <div class=\"ti-date\">2021-12-04<\/div> <\/div> <\/div> <span class=\"ti-stars\"><span class=\"ti-star f\"><\/span><span class=\"ti-star f\"><\/span><span class=\"ti-star f\"><\/span><span class=\"ti-star f\"><\/span><span class=\"ti-star f\"><\/span><\/span> <div class=\"ti-review-content\"><!-- R-CONTENT --><strong>Centralissimo, molto accogliente. Assolutamente consigliato!<\/strong>\nAppartamento molto confortevole nel pieno centro di Siena, stanze molto spaziose, pulitissime e dotate di tutto il necessario anche per un soggiorno medio-lungo. Prezzo assolutamente nella media. Quello che fa davvero la differenza, per\u00f2, \u00e8 la grande disponibilit\u00e0 e gentilezza dei proprietari.Davvero molto consigliato.<!-- R-CONTENT --><\/div> <span class=\"ti-read-more\" data-container=\".ti-review-content\" data-collapse-text=\"Nascondere\" data-open-text=\"Leggi di pi\u00f9\"><\/span> <\/div> <\/div>  <div data-empty=\"0\" class=\"ti-review-item source-Tripadvisor\" > <div class=\"ti-inner\"> <div class=\"ti-review-header\"> <div class=\"ti-profile-img\"> <img decoding=\"async\" src=\"https:\/\/media-cdn.tripadvisor.com\/media\/photo-o\/1a\/f6\/e5\/66\/default-avatar-2020-53.jpg\" alt=\"Victoria P\" \/> <\/div> <div class=\"ti-profile-details\"> <div class=\"ti-name\"> Victoria P <\/div> <div class=\"ti-date\">2021-10-21<\/div> <\/div> <\/div> <span class=\"ti-stars\"><span class=\"ti-star f\"><\/span><span class=\"ti-star f\"><\/span><span class=\"ti-star f\"><\/span><span class=\"ti-star f\"><\/span><span class=\"ti-star f\"><\/span><\/span> <div class=\"ti-review-content\"><!-- R-CONTENT --><strong>I could live permanently in this cozy, warm and welcoming apartment.<\/strong>\nFabulous location &#8211; short walk to Il Campo. This flat was so well appointed, thoughtfully laid-out and furnished that I could live there.  Good linens, both bed and bath.  Plenty of toiletries.  Heated towel rack.  Lots of hangers in the armoire and many places to unpack\/store personal items.  The kitchen was extremely well equipped, especially with oft missing items (sharp knife, coffee maker intact, cutting board).  The owners were very warm and more than welcoming.  Giovani was able to offer needed tips and  recommendations. ..<!-- R-CONTENT --><\/div> <span class=\"ti-read-more\" data-container=\".ti-review-content\" data-collapse-text=\"Nascondere\" data-open-text=\"Leggi di pi\u00f9\"><\/span> <\/div> <\/div>  <div data-empty=\"0\" class=\"ti-review-item source-Tripadvisor\" > <div class=\"ti-inner\"> <div class=\"ti-review-header\"> <div class=\"ti-profile-img\"> <img decoding=\"async\" src=\"https:\/\/media-cdn.tripadvisor.com\/media\/photo-m\/1280\/1b\/86\/1a\/6f\/maria-francesca-c.jpg\" alt=\"Francesca\" \/> <\/div> <div class=\"ti-profile-details\"> <div class=\"ti-name\"> Francesca <\/div> <div class=\"ti-date\">2021-07-22<\/div> <\/div> <\/div> <span class=\"ti-stars\"><span class=\"ti-star f\"><\/span><span class=\"ti-star f\"><\/span><span class=\"ti-star f\"><\/span><span class=\"ti-star f\"><\/span><span class=\"ti-star e\"><\/span><\/span> <div class=\"ti-review-content\"><!-- R-CONTENT --><strong>Posto accogliente!<\/strong>\nLa struttura centrale vicino a Piazza del Campo. Le camere, in tipico stile toscano, sono pulite, luminose e c&#8217;\u00e8 tutto quello che serve.I proprietari  Sig. Ennio e Giovanni sono accoglienti e sempre cortesemente disponibili a risolvere le richieste dei loro ospiti.Una buona soluzione per soggiornare a Siena.Fabrizio e Francesca<!-- R-CONTENT --><\/div> <span class=\"ti-read-more\" data-container=\".ti-review-content\" data-collapse-text=\"Nascondere\" data-open-text=\"Leggi di pi\u00f9\"><\/span> <\/div> <\/div>  <div data-empty=\"0\" class=\"ti-review-item source-Tripadvisor\" > <div class=\"ti-inner\"> <div class=\"ti-review-header\"> <div class=\"ti-profile-img\"> <img decoding=\"async\" src=\"https:\/\/media-cdn.tripadvisor.com\/media\/photo-o\/1a\/f6\/e4\/ca\/default-avatar-2020-51.jpg\" alt=\"Nettina_12\" \/> <\/div> <div class=\"ti-profile-details\"> <div class=\"ti-name\"> Nettina_12 <\/div> <div class=\"ti-date\">2021-07-21<\/div> <\/div> <\/div> <span class=\"ti-stars\"><span class=\"ti-star f\"><\/span><span class=\"ti-star f\"><\/span><span class=\"ti-star f\"><\/span><span class=\"ti-star f\"><\/span><span class=\"ti-star f\"><\/span><\/span> <div class=\"ti-review-content\"><!-- R-CONTENT --><strong>Professionalit\u00e0 e pulizia. Consigliatissimo!<\/strong>\nIo e mia sorella ci siamo recate a Siena per un viaggio di piacere alloggiando in uno degli appartamenti proposti da \u201cCasa vacanze il campo\u201d, posto gi\u00e0 sperimentato dai miei genitori in occasione della mia laurea. Non posso fare altro che confermare quanto di positivo gi\u00e0 valutato la prima volta.Appartamenti pulitissimi, centralissimi ma al contempo immersi nella tranquillit\u00e0. Il signor Ennio non poteva essere pi\u00f9 professionale e cortese.Consigliatissimo!<!-- R-CONTENT --><\/div> <span class=\"ti-read-more\" data-container=\".ti-review-content\" data-collapse-text=\"Nascondere\" data-open-text=\"Leggi di pi\u00f9\"><\/span> <\/div> <\/div>  <\/div> <div class=\"ti-controls-line\"> <div class=\"dot\"><\/div> <\/div>  <\/div> <\/div> <\/div><\/p>\n\t\t\t\t\t\t<\/div>\n\t\t\t\t<\/div>\n\t\t\t\t\t<\/div>\n\t\t<\/div>\n\t\t\t\t\t\t\t<\/div>\n\t\t<\/section>\n\t\t\t\t\t\t\t<\/div>\n\t\t","protected":false},"excerpt":{"rendered":"<p>Reviews What people think about us.<\/p>\n","protected":false},"author":1,"featured_media":0,"parent":0,"menu_order":0,"comment_status":"closed","ping_status":"closed","template":"","meta":{"footnotes":""},"_links":{"self":[{"href":"https:\/\/casailcampo.mgpg.it\/en\/wp-json\/wp\/v2\/pages\/12827"}],"collection":[{"href":"https:\/\/casailcampo.mgpg.it\/en\/wp-json\/wp\/v2\/pages"}],"about":[{"href":"https:\/\/casailcampo.mgpg.it\/en\/wp-json\/wp\/v2\/types\/page"}],"author":[{"embeddable":true,"href":"https:\/\/casailcampo.mgpg.it\/en\/wp-json\/wp\/v2\/users\/1"}],"replies":[{"embeddable":true,"href":"https:\/\/casailcampo.mgpg.it\/en\/wp-json\/wp\/v2\/comments?post=12827"}],"version-history":[{"count":8,"href":"https:\/\/casailcampo.mgpg.it\/en\/wp-json\/wp\/v2\/pages\/12827\/revisions"}],"predecessor-version":[{"id":12931,"href":"https:\/\/casailcampo.mgpg.it\/en\/wp-json\/wp\/v2\/pages\/12827\/revisions\/12931"}],"wp:attachment":[{"href":"https:\/\/casailcampo.mgpg.it\/en\/wp-json\/wp\/v2\/media?parent=12827"}],"curies":[{"name":"wp","href":"https:\/\/api.w.org\/{rel}","templated":true}]}}